{"id":194,"date":"2020-06-04T01:33:10","date_gmt":"2020-06-04T01:33:10","guid":{"rendered":"https:\/\/ferremar.online\/?post_type=product&#038;p=194"},"modified":"2021-04-13T18:06:43","modified_gmt":"2021-04-13T18:06:43","slug":"paquete-de-lujo-para-vehiculos-todo-terreno-kwik-tek","status":"publish","type":"product","link":"https:\/\/ferremar.online\/?product=paquete-de-lujo-para-vehiculos-todo-terreno-kwik-tek","title":{"rendered":"PAQUETE DE LUJO PARA VEH\u00cdCULOS TODO TERRENO &#8211; KWIK TEK"},"content":{"rendered":"<h1>ATVDB-MO Paquete De Lujo\u00a0Para\u00a0Veh\u00edculos\u00a0Todo\u00a0Terreno &#8211;\u00a0Kwik Tek<\/h1>\n<p>Dise\u00f1o \u00fanico envolvente para la mayor\u00eda de asientos\u00a0traseros y delanteros\u00a0de veh\u00edculos todo terreno, adem\u00e1s cuenta con tres espaciosos compartimentos acolchados y forrados, cada uno con cierres separados. 2 compartimentos aislados que sirven como hieleras con capacidad de 24 latas m\u00e1s hielo.<\/p>\n<ul>\n<li>Equipado con solapas de protecci\u00f3n para evitar que la humedad se filtre a trav\u00e9s de las cremalleras.<\/li>\n<li>Asegura f\u00e1cilmente a los bastidores con cuatro correas y hebillas de bloqueo.<\/li>\n<li>Construido de material resistente poli\u00e9ster resistente al agua.<\/li>\n<li>Dimensiones: 34\u201d x 16\u201d x 9\u201d.<\/li>\n<\/ul>\n","protected":false},"excerpt":{"rendered":"<p>ATVDB-MO Paquete De Lujo\u00a0Para\u00a0Veh\u00edculos\u00a0Todo\u00a0Terreno &#8211;\u00a0Kwik Tek Dise\u00f1o \u00fanico envolvente para la mayor\u00eda de asientos\u00a0traseros y delanteros\u00a0de veh\u00edculos todo terreno, adem\u00e1s cuenta con tres espaciosos compartimentos acolchados y forrados, cada uno con cierres separados. 2 compartimentos aislados que sirven como hieleras con capacidad de 24 latas m\u00e1s hielo. Equipado con solapas de protecci\u00f3n para evitar que [&hellip;]<\/p>\n","protected":false},"featured_media":195,"comment_status":"open","ping_status":"closed","template":"","meta":{"_et_pb_use_builder":"","_et_pb_old_content":"","_et_gb_content_width":""},"_links":{"self":[{"href":"https:\/\/ferremar.online\/index.php?rest_route=\/wp\/v2\/product\/194"}],"collection":[{"href":"https:\/\/ferremar.online\/index.php?rest_route=\/wp\/v2\/product"}],"about":[{"href":"https:\/\/ferremar.online\/index.php?rest_route=\/wp\/v2\/types\/product"}],"replies":[{"embeddable":true,"href":"https:\/\/ferremar.online\/index.php?rest_route=%2Fwp%2Fv2%2Fcomments&post=194"}],"wp:featuredmedia":[{"embeddable":true,"href":"https:\/\/ferremar.online\/index.php?rest_route=\/wp\/v2\/media\/195"}],"wp:attachment":[{"href":"https:\/\/ferremar.online\/index.php?rest_route=%2Fwp%2Fv2%2Fmedia&parent=194"}],"curies":[{"name":"wp","href":"https:\/\/api.w.org\/{rel}","templated":true}]}}