{"id":200,"date":"2020-06-04T02:11:56","date_gmt":"2020-06-04T02:11:56","guid":{"rendered":"https:\/\/ferremar.online\/?post_type=product&#038;p=200"},"modified":"2021-04-13T18:06:17","modified_gmt":"2021-04-13T18:06:17","slug":"rodillo-para-remolque-de-caucho-ligero-4-x-3-attwood","status":"publish","type":"product","link":"https:\/\/ferremar.online\/?product=rodillo-para-remolque-de-caucho-ligero-4-x-3-attwood","title":{"rendered":"RODILLO PARA REMOLQUE DE CAUCHO LIGERO 4&#8243; x 3&#8243; &#8211; ATTWOOD"},"content":{"rendered":"<h1><b><strong>11210-1 Rodillo Para Remolque\u00a0De Caucho Ligero 4&#8243; x 3&#8243;- Attwood\u00a0<\/strong><\/b><\/h1>\n<p style=\"font-weight: 400;\" data-placeholder=\"Traducci\u00f3n\">Este rodillo de caucho fabricado por Attwood proporciona el apoyo y la protecci\u00f3n que\u00a0el casco de su embarcaci\u00f3n necesita mientras est\u00e1 en el remolque en especial la parte de la quilla. Permitiendo subir, acomodar y bajar la embarcaci\u00f3n del remolque con mayor facilidad y rapidez.<\/p>\n<ul>\n<li>Durable y con protecci\u00f3n<\/li>\n<li>Moldeado con insertos de nylon<\/li>\n<li>3&#8243; de di\u00e1metro exterior<\/li>\n<li>Compuesto de caucho de primera calidad<\/li>\n<li>Precio econ\u00f3mico<\/li>\n<\/ul>\n","protected":false},"excerpt":{"rendered":"<p>11210-1 Rodillo Para Remolque\u00a0De Caucho Ligero 4&#8243; x 3&#8243;- Attwood\u00a0 Este rodillo de caucho fabricado por Attwood proporciona el apoyo y la protecci\u00f3n que\u00a0el casco de su embarcaci\u00f3n necesita mientras est\u00e1 en el remolque en especial la parte de la quilla. Permitiendo subir, acomodar y bajar la embarcaci\u00f3n del remolque con mayor facilidad y rapidez. [&hellip;]<\/p>\n","protected":false},"featured_media":201,"comment_status":"open","ping_status":"closed","template":"","meta":{"_et_pb_use_builder":"","_et_pb_old_content":"","_et_gb_content_width":""},"_links":{"self":[{"href":"https:\/\/ferremar.online\/index.php?rest_route=\/wp\/v2\/product\/200"}],"collection":[{"href":"https:\/\/ferremar.online\/index.php?rest_route=\/wp\/v2\/product"}],"about":[{"href":"https:\/\/ferremar.online\/index.php?rest_route=\/wp\/v2\/types\/product"}],"replies":[{"embeddable":true,"href":"https:\/\/ferremar.online\/index.php?rest_route=%2Fwp%2Fv2%2Fcomments&post=200"}],"wp:featuredmedia":[{"embeddable":true,"href":"https:\/\/ferremar.online\/index.php?rest_route=\/wp\/v2\/media\/201"}],"wp:attachment":[{"href":"https:\/\/ferremar.online\/index.php?rest_route=%2Fwp%2Fv2%2Fmedia&parent=200"}],"curies":[{"name":"wp","href":"https:\/\/api.w.org\/{rel}","templated":true}]}}