{"id":204,"date":"2020-06-04T02:20:29","date_gmt":"2020-06-04T02:20:29","guid":{"rendered":"https:\/\/ferremar.online\/?post_type=product&#038;p=204"},"modified":"2026-04-30T23:41:25","modified_gmt":"2026-04-30T23:41:25","slug":"dingui-inflable-de-fibra-de-vidrio-capacidad-para-6-personas-ab-inflatables","status":"publish","type":"product","link":"https:\/\/ferremar.online\/?product=dingui-inflable-de-fibra-de-vidrio-capacidad-para-6-personas-ab-inflatables","title":{"rendered":"DINGUI INFLABLE DE FIBRA DE VIDRIO &#8211; CAPACIDAD PARA 6 PERSONAS &#8211; AB INFLATABLES"},"content":{"rendered":"<h1>12 VL Ventus &#8211; Dingui Inflable De Fibra De Vidrio &#8211; Capacidad Para 6 Personas &#8211; AB Inflatables<\/h1>\n<p>Cuando cada peso adicional significa una reducci\u00f3n en la velocidad de la embarcaci\u00f3n, el VENTUS se convierte en la opci\u00f3n perfecta gracias a su ligereza. Esto debido a su casco en forma de V profunda, que lo hace una opci\u00f3n ideal para marineros y navegantes de cruceros, que necesiten transportar a la tripulaci\u00f3n o provisiones.<\/p>\n<p>Ventus (De la palabra en lat\u00edn \u201cAire) es la l\u00ednea de Dinguis de peso liviano de la marca AB. Con su baja relaci\u00f3n de peso-longitud y su dise\u00f1o equilibrado, las embarcaciones de esta l\u00ednea requieren muy poca potencia para lograr una asombrosa velocidad y rendimiento.<\/p>\n<p>Cuenta con un casco completamente en forma de V, que le proporciona una estabilidad excepcional, adem\u00e1s los Dinguis de la l\u00ednea Ventus son los \u00fanicos botes ligeros que cuentan con una c\u00e1mara de aire integrada en el casco, cuya funci\u00f3n es que la embarcaci\u00f3n sea extremadamente segura y confiable, al mismo tiempo que proporciona un piso antideslizante para mantener su carga y pasajeros seguros y secos.<\/p>\n<p><strong>\u00a1Para informaci\u00f3n sobre precios, existencias y m\u00e1s, por favor cont\u00e1ctenos!<\/strong><\/p>\n<ul>\n<li>Dingui Ligero de Fibra de Vidrio<\/li>\n<li>Interior espacioso<\/li>\n<li>Mayor capacidad de carga \u00fatil<\/li>\n<li>Casco en V<\/li>\n<li>Capacidad para 6 Personas<\/li>\n<\/ul>\n<p><strong>El env\u00edo de este producto ser\u00e1 calculado<\/strong>\u00a0<strong>al momento de la compra<\/strong>, se le informar\u00e1 por tel\u00e9fono o correo electr\u00f3nico las fleteras disponibles para enviar la embarcaci\u00f3n hasta usted, y su respectivo costo.\u00a0<strong>No incluye motor ni accesorios<\/strong>.<\/p>\n","protected":false},"excerpt":{"rendered":"<p>12 VL Ventus &#8211; Dingui Inflable De Fibra De Vidrio &#8211; Capacidad Para 6 Personas &#8211; AB Inflatables Cuando cada peso adicional significa una reducci\u00f3n en la velocidad de la embarcaci\u00f3n, el VENTUS se convierte en la opci\u00f3n perfecta gracias a su ligereza. Esto debido a su casco en forma de V profunda, que lo [&hellip;]<\/p>\n","protected":false},"featured_media":205,"comment_status":"open","ping_status":"closed","template":"","meta":{"_et_pb_use_builder":"","_et_pb_old_content":"","_et_gb_content_width":""},"_links":{"self":[{"href":"https:\/\/ferremar.online\/index.php?rest_route=\/wp\/v2\/product\/204"}],"collection":[{"href":"https:\/\/ferremar.online\/index.php?rest_route=\/wp\/v2\/product"}],"about":[{"href":"https:\/\/ferremar.online\/index.php?rest_route=\/wp\/v2\/types\/product"}],"replies":[{"embeddable":true,"href":"https:\/\/ferremar.online\/index.php?rest_route=%2Fwp%2Fv2%2Fcomments&post=204"}],"wp:featuredmedia":[{"embeddable":true,"href":"https:\/\/ferremar.online\/index.php?rest_route=\/wp\/v2\/media\/205"}],"wp:attachment":[{"href":"https:\/\/ferremar.online\/index.php?rest_route=%2Fwp%2Fv2%2Fmedia&parent=204"}],"curies":[{"name":"wp","href":"https:\/\/api.w.org\/{rel}","templated":true}]}}