{"id":585,"date":"2020-07-09T04:13:00","date_gmt":"2020-07-09T04:13:00","guid":{"rendered":"https:\/\/ferremar.online\/?post_type=product&#038;p=585"},"modified":"2021-04-13T17:58:40","modified_gmt":"2021-04-13T17:58:40","slug":"depredador","status":"publish","type":"product","link":"https:\/\/ferremar.online\/?product=depredador","title":{"rendered":"DEPREDADOR"},"content":{"rendered":"<p>DEPREDADOR<\/p>\n<p>ESPECIAL PARA PESCAR A JIGGING O SLOW JIGGING.<br \/>\nEQUIPADO CON 2 ANZUELOS.<\/p>\n<p><strong>100mm &#8211; 112gr &#8211; SINKING<\/strong><\/p>\n<p>Nuestros se\u00f1uelos PERKEV est\u00e1n desarrollados de acuerdo al \u00e9xito y experiencia de nuestros pescadores.<\/p>\n<p>Son el resultado de una constante mejora de su desempe\u00f1o en nuestros mares y playas.<\/p>\n<p>Sabemos que siempre est\u00e1s buscando el mejor \u00e9xito en tu d\u00eda de pesca, por esto y m\u00e1s nos esforzamos en ofrecerte la mejor calidad en el producto, el m\u00e1s innovador y que te brinde los mejores resultados.<\/p>\n<p>PRECIOS SUJETOS A CAMBIO SIN PREVIO AVISO<\/p>\n<p>Los art\u00edculos est\u00e1n sujetos a disponibilidad y\/o hasta agotar existencia.<\/p>\n","protected":false},"excerpt":{"rendered":"<p>DEPREDADOR ESPECIAL PARA PESCAR A JIGGING O SLOW JIGGING. EQUIPADO CON 2 ANZUELOS. 100mm &#8211; 112gr &#8211; SINKING Nuestros se\u00f1uelos PERKEV est\u00e1n desarrollados de acuerdo al \u00e9xito y experiencia de nuestros pescadores. Son el resultado de una constante mejora de su desempe\u00f1o en nuestros mares y playas. Sabemos que siempre est\u00e1s buscando el mejor \u00e9xito [&hellip;]<\/p>\n","protected":false},"featured_media":586,"comment_status":"open","ping_status":"closed","template":"","meta":{"_et_pb_use_builder":"","_et_pb_old_content":"","_et_gb_content_width":""},"_links":{"self":[{"href":"https:\/\/ferremar.online\/index.php?rest_route=\/wp\/v2\/product\/585"}],"collection":[{"href":"https:\/\/ferremar.online\/index.php?rest_route=\/wp\/v2\/product"}],"about":[{"href":"https:\/\/ferremar.online\/index.php?rest_route=\/wp\/v2\/types\/product"}],"replies":[{"embeddable":true,"href":"https:\/\/ferremar.online\/index.php?rest_route=%2Fwp%2Fv2%2Fcomments&post=585"}],"wp:featuredmedia":[{"embeddable":true,"href":"https:\/\/ferremar.online\/index.php?rest_route=\/wp\/v2\/media\/586"}],"wp:attachment":[{"href":"https:\/\/ferremar.online\/index.php?rest_route=%2Fwp%2Fv2%2Fmedia&parent=585"}],"curies":[{"name":"wp","href":"https:\/\/api.w.org\/{rel}","templated":true}]}}